{"id":41,"date":"2013-06-03T15:59:31","date_gmt":"2013-06-03T15:59:31","guid":{"rendered":"http:\/\/franscini.com\/?page_id=41"},"modified":"2013-08-06T13:09:25","modified_gmt":"2013-08-06T13:09:25","slug":"faqs","status":"publish","type":"page","link":"http:\/\/franscini.com\/?page_id=41","title":{"rendered":"FAQs"},"content":{"rendered":"<p><a name=\"1\"><\/a>Quando \u00e8 consigliato un controllo dall\u2019oftalmologo?<\/p>\n<ul>\n<li>Nei bambini tra 1.5 e 3.5 anni per depistare un eventuale vizio di refrazione o uno strabismo che, se non diagnosticati e trattati tempestivamente, possono portare ad un\u2019 ambliopia (occhio \u201cpigro\u201d)<\/li>\n<li>Nei pazienti con malattie sistemiche che possono manifestarsi a livello oculare come ad esempio il diabete, l\u2019ipertonia arteriosa e le malattie reumatiche. In questi casi sono consigliati controlli regolari<\/li>\n<li>Nei pazienti con miopie elevate (&gt;6D) \u00e8 consigliabile dei controlli regolari del fondo oculare<\/li>\n<li>Nei pazienti che portano regolarmente lenti a contatto<\/li>\n<li>In tutti i pazienti a partire dai 40 anni, in particolare le persone che hanno dei famigliari con malattie oculari come glaucoma e maculopatie<b><\/b><\/li>\n<\/ul>\n<p>&nbsp;<\/p>\n<hr \/>\n<p><a name=\"2\"><\/a>Che cosa fa bene ai miei occhi?<\/p>\n<ul>\n<li>Vitamina A (pesce, burro, uova, latte, fegato, albicocche, mango, broccoli, peperoni, carote)<\/li>\n<li>Vitamina C (fragole, ribes, agrumi, mango, rosa canina, peperoni, finocchi, crauti, cavolo verde, prezzemolo)<\/li>\n<li>Vitamina E (oli vegetali, margarina, frutti a guscio, mandorle, semi di soia, semi di limo, semi di girasole, avocado, asparagi, sedano, prodotti integrali)<\/li>\n<li>Luteina e zeaxantina (spinaci, fagiolini, cavolo verde, lattuga, mais, uva, ribes, tuorlo d\u2019uovo)<\/li>\n<li>Zinco (carne, fegato, pesce, ostriche, formaggio, frutti a guscio, fiocchi d\u2019avena, miglio, mais, lenticchie, cioccolato nero)<\/li>\n<li>Selenio (carne di maiale, pesce, frutti di mare, uova, prodotti latei e cereali, lenticchie, funghi porcini, semi di soia)<\/li>\n<li>Omega 3 (sgombri, aringhe, salmone, merluzzo, tonno, noci, alcuni oli vegetali)<\/li>\n<\/ul>\n<p>&nbsp;<\/p>\n<hr \/>\n<p><a name=\"3\"><\/a>Cosa fa male ai miei occhi?<\/p>\n<ul>\n<li>Fumo (triplica il rischio di maculopatia, inoltre i fumatori sviluppano circa 10 anni prima la malattia)<\/li>\n<li>Sole\/raggi UV (\u00e8 consigliato indossare un paio di occhiali da sole in condizioni di luce forte come al mare o in montagna)<\/li>\n<li>Sovrappeso e malnutrizione<\/li>\n<li>Diabete e ipertensione arteriosa (comporta il rischio di retinopatia, maculopatie e occlusioni vascolari)<\/li>\n<\/ul>\n<p>&nbsp;<\/p>\n<hr \/>\n<p><a name=\"4\"><\/a>Cosa si pu\u00f2 ottenere con un intervento di chirurgia refrattiva?<\/p>\n<ul>\n<li>Si possono correggere miopia (fino a 10 diottrie), ipermetropia (fino a 6 diottrie), astigmatismo e in alcuni casi anche presbiopia<\/li>\n<li>L\u2019 intervento \u00e8 destinato generalmente a pazienti tra i 20 e i 55 anni d\u2019et\u00e0, con una refrazione stabile e che non presentano malattie degli occhi.<\/li>\n<li>Per verificare se un paziente \u00e8 un buon candidato alla chirurgia refrattiva \u00e8 necessaria una visita oculistica approfondita.<\/li>\n<li>I risultati sono soddisfacenti: nel 90% dei casi la correzione residua \u00e8 inferiore a 0,5 diottrie. Nei casi in cui l\u2019ametropia residua sia superiore, \u00e8\u00a0 possibile effettuare un ritrattamento.<\/li>\n<\/ul>\n<p>&nbsp;<\/p>\n<hr \/>\n<p><a name=\"5\"><\/a>Dopo l\u2019intervento di cataratta bisogna portare ancora degli occhiali?<\/p>\n<ul>\n<li>Con l\u2019intervento di cataratta il cristallino naturale dell\u2019occhio viene sostituito con una lente sintetica che viene calcolata in base ai parametri specifici dell\u2019occhio del paziente (esame biometrico pre-operatorio).<\/li>\n<li>Le lenti standard sono in grado di correggere la miopia e l\u2019ipermetropia. Generalmente la correzione residua \u00e8 minima e dopo l\u2019intervento sono necessari unicamente degli occhiali da lettura.<\/li>\n<li>\u00c8 possibile lasciare una miopia residua su un occhio o entrambi per migliorare la visione da vicino senza occhiali<\/li>\n<li>Sono disponibili anche delle lenti multifocali in grado di correggere la visione sia da lontano che da vicino senza occhiali. Queste lenti non sono per\u00f2 rimborsate dalla cassa malati ma richiedono un costo aggiuntivo a carico del paziente.<\/li>\n<li>Per i pazienti con astigmatismo (&gt;0.75 diottrie) sono disponibili delle lenti speciali (toriche) in grado di correggere anche l\u2019astigmatismo. \u00a0Queste lenti sono disponibili sia monofocali che multifocali (lontano e vicino)<\/li>\n<\/ul>\n","protected":false},"excerpt":{"rendered":"<p>Quando \u00e8 consigliato un controllo dall\u2019oftalmologo? Nei bambini tra 1.5 e 3.5 anni per depistare un eventuale vizio di refrazione o uno strabismo che, se non diagnosticati e trattati tempestivamente, possono portare ad un\u2019 ambliopia (occhio \u201cpigro\u201d) Nei pazienti con malattie sistemiche che possono manifestarsi a livello oculare come ad esempio il diabete, l\u2019ipertonia arteriosa e le malattie reumatiche. In questi casi sono consigliati controlli regolari Nei pazienti con miopie elevate (&gt;6D) \u00e8 consigliabile dei controlli regolari del fondo oculare Nei pazienti che portano regolarmente lenti a contatto In tutti i pazienti a partire dai 40 anni, in particolare le persone che hanno dei famigliari con malattie oculari come glaucoma e maculopatie &nbsp; Che cosa fa bene ai miei occhi? Vitamina A (pesce, burro, uova, latte, fegato, albicocche, mango, broccoli, peperoni, carote) Vitamina C (fragole, ribes, agrumi, mango, rosa canina, peperoni, finocchi, crauti, cavolo verde, prezzemolo) Vitamina E (oli vegetali, margarina, frutti a guscio, mandorle, semi di soia, semi di limo, semi di girasole, avocado, asparagi, sedano, prodotti integrali) Luteina e zeaxantina (spinaci, fagiolini, cavolo verde, lattuga, mais, uva, ribes, tuorlo d\u2019uovo) Zinco (carne, fegato, pesce, ostriche, formaggio, frutti a guscio, fiocchi d\u2019avena, miglio, mais, lenticchie, cioccolato nero) Selenio (carne di maiale, pesce, frutti di mare, uova, prodotti latei e cereali, lenticchie, funghi porcini, semi di soia) Omega 3 (sgombri, aringhe, salmone, merluzzo, tonno, noci, alcuni oli vegetali) &nbsp; Cosa fa male ai miei occhi? Fumo (triplica il rischio di maculopatia, inoltre i fumatori sviluppano circa 10 anni prima la malattia) Sole\/raggi UV (\u00e8 consigliato indossare un paio di occhiali da sole in condizioni di luce forte come al mare o in montagna) Sovrappeso e malnutrizione Diabete e ipertensione arteriosa (comporta il rischio di retinopatia, maculopatie e occlusioni vascolari) &nbsp; Cosa si pu\u00f2 ottenere con un intervento di chirurgia refrattiva? Si possono correggere miopia (fino a 10 diottrie), ipermetropia (fino a 6 diottrie), astigmatismo e in alcuni casi anche presbiopia L\u2019 intervento \u00e8 destinato generalmente a pazienti tra i 20 e i 55 anni d\u2019et\u00e0, con una refrazione stabile e che non presentano malattie degli occhi. Per verificare se un paziente \u00e8 un buon candidato alla chirurgia refrattiva \u00e8 necessaria una visita oculistica approfondita. I risultati sono soddisfacenti: nel 90% dei casi la correzione residua \u00e8 inferiore a 0,5 diottrie. Nei casi in cui l\u2019ametropia residua sia superiore, \u00e8\u00a0 possibile effettuare un ritrattamento. &nbsp; Dopo l\u2019intervento di cataratta bisogna portare ancora degli occhiali? Con l\u2019intervento di cataratta il cristallino naturale dell\u2019occhio viene sostituito con una lente sintetica che viene calcolata in base ai parametri specifici dell\u2019occhio del paziente (esame biometrico pre-operatorio). Le lenti standard sono in grado di correggere la miopia e l\u2019ipermetropia. Generalmente la correzione residua \u00e8 minima e dopo l\u2019intervento sono necessari unicamente degli occhiali da lettura. \u00c8 possibile lasciare una miopia residua su un occhio o entrambi per migliorare la visione da vicino senza occhiali Sono disponibili anche delle lenti multifocali in grado di correggere la visione sia da lontano che da vicino senza occhiali. Queste lenti non sono per\u00f2 rimborsate dalla cassa malati ma richiedono un costo aggiuntivo a carico del paziente. Per i pazienti con astigmatismo (&gt;0.75 diottrie) sono disponibili delle lenti speciali (toriche) in grado di correggere anche l\u2019astigmatismo. \u00a0Queste lenti sono disponibili sia monofocali che multifocali (lontano e vicino)<\/p>\n","protected":false},"author":1,"featured_media":0,"parent":0,"menu_order":0,"comment_status":"open","ping_status":"open","template":"","meta":[],"_links":{"self":[{"href":"http:\/\/franscini.com\/index.php?rest_route=\/wp\/v2\/pages\/41"}],"collection":[{"href":"http:\/\/franscini.com\/index.php?rest_route=\/wp\/v2\/pages"}],"about":[{"href":"http:\/\/franscini.com\/index.php?rest_route=\/wp\/v2\/types\/page"}],"author":[{"embeddable":true,"href":"http:\/\/franscini.com\/index.php?rest_route=\/wp\/v2\/users\/1"}],"replies":[{"embeddable":true,"href":"http:\/\/franscini.com\/index.php?rest_route=%2Fwp%2Fv2%2Fcomments&post=41"}],"version-history":[{"count":11,"href":"http:\/\/franscini.com\/index.php?rest_route=\/wp\/v2\/pages\/41\/revisions"}],"predecessor-version":[{"id":387,"href":"http:\/\/franscini.com\/index.php?rest_route=\/wp\/v2\/pages\/41\/revisions\/387"}],"wp:attachment":[{"href":"http:\/\/franscini.com\/index.php?rest_route=%2Fwp%2Fv2%2Fmedia&parent=41"}],"curies":[{"name":"wp","href":"https:\/\/api.w.org\/{rel}","templated":true}]}}