{"id":407,"date":"2013-08-06T13:47:23","date_gmt":"2013-08-06T13:47:23","guid":{"rendered":"http:\/\/franscini.com\/?page_id=407"},"modified":"2013-08-08T15:47:52","modified_gmt":"2013-08-08T15:47:52","slug":"anatomia-occhio","status":"publish","type":"page","link":"https:\/\/franscini.com\/?page_id=407","title":{"rendered":"Anatomia dell&#8217;occhio"},"content":{"rendered":"<p><img decoding=\"async\" loading=\"lazy\" class=\"aligncenter size-full wp-image-412\" alt=\"anatomia occhio\" src=\"http:\/\/franscini.com\/wp-content\/uploads\/2013\/08\/anatomia-occhio.jpg\" width=\"527\" height=\"479\" srcset=\"https:\/\/franscini.com\/wp-content\/uploads\/2013\/08\/anatomia-occhio.jpg 527w, https:\/\/franscini.com\/wp-content\/uploads\/2013\/08\/anatomia-occhio-300x272.jpg 300w\" sizes=\"(max-width: 527px) 100vw, 527px\" \/><\/p>\n<ul>\n<li>La<strong> cornea<\/strong>: \u00e8 la parte anteriore dell&#8217;occhio, costituita da tessuto trasparente che funge da barriera e da lente<\/li>\n<li>l&#8217;<strong>iride<\/strong>: \u00e8 costituida da tessuto vascolarizzato di colore variabile a seconda della pigmentazione, funge da diaframma.<\/li>\n<li>il\u00a0<strong>cristallino<\/strong>: \u00e8 situato dietro l&#8217;iride, rappresenta la lente naturale dell&#8217;occhio, ha la capacit\u00e0 di cambiare la sua forma rapidamente per permettere la messa a fuoco di oggetti a distanze differenti. Con l&#8217;et\u00e0 perde progressivamente la sua trasparenza. Quando il cristallino diventa opaco si parla di cataratta.<\/li>\n<li>il\u00a0<strong>corpo vitreo<\/strong>: massa gelatinosa trasparente che riempie la parte posteriore del globo oculare. Un suo distacco posteriore \u00e8 responsabile della visione di corpi mobili (&#8220;mosche volanti&#8221;).<\/li>\n<li>la <strong>retina<\/strong>: \u00e8 il tessuto che ricopre la parete interna dell&#8217;occhio, contiene delle cellule sensibili alle radiazioni luminose (fotorecettori) che captano l&#8217;immagine che viene poi inviata al cervello attraverso il nervo ottico.<\/li>\n<li>la\u00a0<strong>macula<\/strong>: \u00e8 la parte centrale della retina, dove la densit\u00e0 dei fotorecettori \u00e8 maggiore. Su di essa \u00e8 proiettato il centro di fissazione dell&#8217;immagine osservata.<\/li>\n<li>il\u00a0<strong>nervo ottico<\/strong>: funge da &#8220;cavo&#8221; nel trasmettere le informazioni visive dalla retina al cervello.<\/li>\n<\/ul>\n","protected":false},"excerpt":{"rendered":"<p>La cornea: \u00e8 la parte anteriore dell&#8217;occhio, costituita da tessuto trasparente che funge da barriera e da lente l&#8217;iride: \u00e8 costituida da tessuto vascolarizzato di colore variabile a seconda della pigmentazione, funge da diaframma. il\u00a0cristallino: \u00e8 situato dietro l&#8217;iride, rappresenta la lente naturale dell&#8217;occhio, ha la capacit\u00e0 di cambiare la sua forma rapidamente per permettere la messa a fuoco di oggetti a distanze differenti. Con l&#8217;et\u00e0 perde progressivamente la sua trasparenza. Quando il cristallino diventa opaco si parla di cataratta. il\u00a0corpo vitreo: massa gelatinosa trasparente che riempie la parte posteriore del globo oculare. Un suo distacco posteriore \u00e8 responsabile della visione di corpi mobili (&#8220;mosche volanti&#8221;). la retina: \u00e8 il tessuto che ricopre la parete interna dell&#8217;occhio, contiene delle cellule sensibili alle radiazioni luminose (fotorecettori) che captano l&#8217;immagine che viene poi inviata al cervello attraverso il nervo ottico. la\u00a0macula: \u00e8 la parte centrale della retina, dove la densit\u00e0 dei fotorecettori \u00e8 maggiore. Su di essa \u00e8 proiettato il centro di fissazione dell&#8217;immagine osservata. il\u00a0nervo ottico: funge da &#8220;cavo&#8221; nel trasmettere le informazioni visive dalla retina al cervello.<\/p>\n","protected":false},"author":1,"featured_media":0,"parent":37,"menu_order":0,"comment_status":"open","ping_status":"open","template":"","meta":[],"_links":{"self":[{"href":"https:\/\/franscini.com\/index.php?rest_route=\/wp\/v2\/pages\/407"}],"collection":[{"href":"https:\/\/franscini.com\/index.php?rest_route=\/wp\/v2\/pages"}],"about":[{"href":"https:\/\/franscini.com\/index.php?rest_route=\/wp\/v2\/types\/page"}],"author":[{"embeddable":true,"href":"https:\/\/franscini.com\/index.php?rest_route=\/wp\/v2\/users\/1"}],"replies":[{"embeddable":true,"href":"https:\/\/franscini.com\/index.php?rest_route=%2Fwp%2Fv2%2Fcomments&post=407"}],"version-history":[{"count":10,"href":"https:\/\/franscini.com\/index.php?rest_route=\/wp\/v2\/pages\/407\/revisions"}],"predecessor-version":[{"id":411,"href":"https:\/\/franscini.com\/index.php?rest_route=\/wp\/v2\/pages\/407\/revisions\/411"}],"up":[{"embeddable":true,"href":"https:\/\/franscini.com\/index.php?rest_route=\/wp\/v2\/pages\/37"}],"wp:attachment":[{"href":"https:\/\/franscini.com\/index.php?rest_route=%2Fwp%2Fv2%2Fmedia&parent=407"}],"curies":[{"name":"wp","href":"https:\/\/api.w.org\/{rel}","templated":true}]}}